{"id":1469,"date":"2025-10-06T09:45:41","date_gmt":"2025-10-06T09:45:41","guid":{"rendered":"https:\/\/chac-project.eu\/?page_id=1469"},"modified":"2025-10-23T15:27:30","modified_gmt":"2025-10-23T15:27:30","slug":"toolkit","status":"publish","type":"page","link":"https:\/\/chac-project.eu\/de\/toolkit\/","title":{"rendered":"Toolkit"},"content":{"rendered":"<div data-elementor-type=\"wp-page\" data-elementor-id=\"1469\" class=\"elementor elementor-1469\">\n\t\t\t\t\t\t<section class=\"elementor-section elementor-top-section elementor-element elementor-element-aad4c4c elementor-section-full_width elementor-section-height-default elementor-section-height-default\" data-id=\"aad4c4c\" data-element_type=\"section\" data-e-type=\"section\" data-settings=\"{&quot;background_background&quot;:&quot;classic&quot;}\">\n\t\t\t\t\t\t<div class=\"elementor-container elementor-column-gap-default\">\n\t\t\t\t\t<div class=\"elementor-column elementor-col-100 elementor-top-column elementor-element elementor-element-46170f6\" data-id=\"46170f6\" data-element_type=\"column\" data-e-type=\"column\">\n\t\t\t<div class=\"elementor-widget-wrap elementor-element-populated\">\n\t\t\t\t\t\t<div class=\"elementor-element elementor-element-07b17bd elementor-widget elementor-widget-elementskit-heading\" data-id=\"07b17bd\" data-element_type=\"widget\" data-e-type=\"widget\" data-widget_type=\"elementskit-heading.default\">\n\t\t\t\t<div class=\"elementor-widget-container\">\n\t\t\t\t\t<div class=\"ekit-wid-con\" ><div class=\"ekit-heading elementskit-section-title-wraper text_left   ekit_heading_tablet-   ekit_heading_mobile-\"><h2 class=\"ekit-heading--title elementskit-section-title\">CHAC TOOLKIT<\/h2><div class=\"ekit_heading_separetor_wraper ekit_heading_elementskit-border-divider elementskit-style-long\"><div class=\"elementskit-border-divider elementskit-style-long\"><\/div><\/div><\/div><\/div>\t\t\t\t<\/div>\n\t\t\t\t<\/div>\n\t\t\t\t\t<\/div>\n\t\t<\/div>\n\t\t\t\t\t<\/div>\n\t\t<\/section>\n\t\t<div class=\"elementor-element elementor-element-b9012dd e-con-full e-flex e-con e-parent\" data-id=\"b9012dd\" data-element_type=\"container\" data-e-type=\"container\">\n\t\t\t\t<div class=\"elementor-element elementor-element-67f7861 elementor-widget elementor-widget-elementskit-heading\" data-id=\"67f7861\" data-element_type=\"widget\" data-e-type=\"widget\" data-widget_type=\"elementskit-heading.default\">\n\t\t\t\t<div class=\"elementor-widget-container\">\n\t\t\t\t\t<div class=\"ekit-wid-con\" ><div class=\"ekit-heading elementskit-section-title-wraper center   ekit_heading_tablet-   ekit_heading_mobile-\"><h2 class=\"ekit-heading--title elementskit-section-title\">\u00dcbersetzungen ins Englische, Deutsche und Italienische sind verf\u00fcgbar.<\/h2><div class=\"ekit_heading_separetor_wraper ekit_heading_elementskit-border-divider ekit-dotted\"><div class=\"elementskit-border-divider ekit-dotted\"><\/div><\/div><h3 class=\"ekit-heading--subtitle elementskit-section-subtitle\">\n\t\t\t\t\t\t\u00c4ndern Sie die Sprache \u00fcber das Men\u00fc oben rechts, um auf \u00dcbersetzungen zuzugreifen.\n\t\t\t\t\t<\/h3><\/div><\/div>\t\t\t\t<\/div>\n\t\t\t\t<\/div>\n\t\t\t\t<div class=\"elementor-element elementor-element-bd2b8fb elementor-widget elementor-widget-shortcode\" data-id=\"bd2b8fb\" data-element_type=\"widget\" data-e-type=\"widget\" data-widget_type=\"shortcode.default\">\n\t\t\t\t<div class=\"elementor-widget-container\">\n\t\t\t\t\t\t\t<div class=\"elementor-shortcode\">\n\n\n\n<div style=\"position:relative;padding-top:max(60%,324px);width:100%;height:0;\"><iframe style=\"position:absolute;border:none;width:100%;height:100%;left:0;top:0;\" src=\"https:\/\/online.fliphtml5.com\/tuylj\/urdw\/\"  seamless=\"seamless\" scrolling=\"no\" frameborder=\"0\" allowtransparency=\"true\" allowfullscreen=\"true\" ><\/iframe><\/div> <\/div>\n\t\t\t\t\t\t<\/div>\n\t\t\t\t<\/div>\n\t\t\t\t<\/div>\n\t\t<div class=\"elementor-element elementor-element-6efe106 e-con-full e-flex elementor-invisible e-con e-parent\" data-id=\"6efe106\" data-element_type=\"container\" data-e-type=\"container\" data-settings=\"{&quot;animation&quot;:&quot;fadeInUp&quot;}\">\n\t\t\t\t<div class=\"elementor-element elementor-element-70a1a0d elementor-widget__width-initial elementor-widget elementor-widget-elementskit-client-logo\" data-id=\"70a1a0d\" data-element_type=\"widget\" data-e-type=\"widget\" data-widget_type=\"elementskit-client-logo.default\">\n\t\t\t\t<div class=\"elementor-widget-container\">\n\t\t\t\t\t<div class=\"ekit-wid-con\" >\t\t<div class=\"elementskit-clients-slider  simple_logo_image\" data-config=\"{&quot;rtl&quot;:false,&quot;arrows&quot;:false,&quot;dots&quot;:false,&quot;autoplay&quot;:true,&quot;speed&quot;:1000,&quot;slidesPerView&quot;:3,&quot;slidesPerGroup&quot;:1,&quot;pauseOnHover&quot;:true,&quot;loop&quot;:true,&quot;breakpoints&quot;:{&quot;320&quot;:{&quot;slidesPerView&quot;:1,&quot;slidesPerGroup&quot;:1,&quot;spaceBetween&quot;:10},&quot;768&quot;:{&quot;slidesPerView&quot;:2,&quot;slidesPerGroup&quot;:1,&quot;spaceBetween&quot;:10},&quot;1024&quot;:{&quot;slidesPerView&quot;:3,&quot;slidesPerGroup&quot;:1,&quot;spaceBetween&quot;:15}}}\" data-direction=\"\">\n\t\t\t<div class=\"ekit-main-swiper swiper\">\n\t\t\t\t<div class=\"swiper-wrapper\">\n\t\t\t\t\t\t\t\t\t\t\t<div class=\"elementskit-client-slider-item swiper-slide\">\n\t\t\t\t\t\t\t<div class=\"swiper-slide-inner\">\n\t\t\t\t\t\t\t\t<div class=\"single-client image-switcher\" title=\"Xsentrikarts\">\n\t\t\t\t\t\t\t\t\t\t\t\t\t\t\t\t\t\t\t<div class=\"content-image\">\n\t\t\t\t\t\t\t\t\t\t\t<img fetchpriority=\"high\" decoding=\"async\" width=\"1080\" height=\"826\" src=\"https:\/\/chac-project.eu\/wp-content\/uploads\/2024\/07\/449135735_346011801685307_2833326913403762712_n.png\" class=\"\" alt=\"\" srcset=\"https:\/\/chac-project.eu\/wp-content\/uploads\/2024\/07\/449135735_346011801685307_2833326913403762712_n.png 1080w, https:\/\/chac-project.eu\/wp-content\/uploads\/2024\/07\/449135735_346011801685307_2833326913403762712_n-300x229.png 300w, https:\/\/chac-project.eu\/wp-content\/uploads\/2024\/07\/449135735_346011801685307_2833326913403762712_n-1024x783.png 1024w, https:\/\/chac-project.eu\/wp-content\/uploads\/2024\/07\/449135735_346011801685307_2833326913403762712_n-768x587.png 768w\" sizes=\"(max-width: 1080px) 100vw, 1080px\" \/>\t\t\t\t\t\t\t\t\t\t<\/div>\n\t\t\t\t\t\t\t\t\t\t\t\t\t\t\t\t\t<\/div>\n\t\t\t\t\t\t\t<\/div>\n\t\t\t\t\t\t<\/div>\n\t\t\t\t\t\t\t\t\t\t\t<div class=\"elementskit-client-slider-item swiper-slide\">\n\t\t\t\t\t\t\t<div class=\"swiper-slide-inner\">\n\t\t\t\t\t\t\t\t<div class=\"single-client image-switcher\" title=\"EduLab\">\n\t\t\t\t\t\t\t\t\t\t\t\t\t\t\t\t\t\t\t<div class=\"content-image\">\n\t\t\t\t\t\t\t\t\t\t\t<img decoding=\"async\" width=\"500\" height=\"500\" src=\"https:\/\/chac-project.eu\/wp-content\/uploads\/2024\/06\/Edulab-Logo.png\" class=\"\" alt=\"\" srcset=\"https:\/\/chac-project.eu\/wp-content\/uploads\/2024\/06\/Edulab-Logo.png 500w, https:\/\/chac-project.eu\/wp-content\/uploads\/2024\/06\/Edulab-Logo-300x300.png 300w, https:\/\/chac-project.eu\/wp-content\/uploads\/2024\/06\/Edulab-Logo-150x150.png 150w\" sizes=\"(max-width: 500px) 100vw, 500px\" \/>\t\t\t\t\t\t\t\t\t\t<\/div>\n\t\t\t\t\t\t\t\t\t\t\t\t\t\t\t\t\t<\/div>\n\t\t\t\t\t\t\t<\/div>\n\t\t\t\t\t\t<\/div>\n\t\t\t\t\t\t\t\t\t\t\t<div class=\"elementskit-client-slider-item swiper-slide\">\n\t\t\t\t\t\t\t<div class=\"swiper-slide-inner\">\n\t\t\t\t\t\t\t\t<div class=\"single-client image-switcher\" title=\"NGO NEST Berlin\">\n\t\t\t\t\t\t\t\t\t\t\t\t\t\t\t\t\t\t\t<div class=\"content-image\">\n\t\t\t\t\t\t\t\t\t\t\t<img decoding=\"async\" width=\"1024\" height=\"563\" src=\"https:\/\/chac-project.eu\/wp-content\/uploads\/2024\/06\/NGO-NEST-Logo-1.png\" class=\"\" alt=\"\" srcset=\"https:\/\/chac-project.eu\/wp-content\/uploads\/2024\/06\/NGO-NEST-Logo-1.png 1024w, https:\/\/chac-project.eu\/wp-content\/uploads\/2024\/06\/NGO-NEST-Logo-1-300x165.png 300w, https:\/\/chac-project.eu\/wp-content\/uploads\/2024\/06\/NGO-NEST-Logo-1-768x422.png 768w\" sizes=\"(max-width: 1024px) 100vw, 1024px\" \/>\t\t\t\t\t\t\t\t\t\t<\/div>\n\t\t\t\t\t\t\t\t\t\t\t\t\t\t\t\t\t<\/div>\n\t\t\t\t\t\t\t<\/div>\n\t\t\t\t\t\t<\/div>\n\t\t\t\t\t\t\t\t\t<\/div>\n\n\t\t\t\t\n\t\t\t\t\t\t\t<\/div><!-- .elementskit-clients-slider END -->\n\t\t<\/div>\n\t\t<\/div>\t\t\t\t<\/div>\n\t\t\t\t<\/div>\n\t\t\t\t<\/div>\n\t\t\t\t<\/div>","protected":false},"excerpt":{"rendered":"<p>CHAC TOOLKIT English, German and Italian translations are available. Change language from the top right menu to access translations.<\/p>","protected":false},"author":1,"featured_media":0,"parent":0,"menu_order":0,"comment_status":"closed","ping_status":"closed","template":"","meta":{"postBodyCss":"","postBodyMargin":[],"postBodyPadding":[],"postBodyBackground":{"backgroundType":"classic","gradient":""},"neve_meta_sidebar":"","neve_meta_container":"","neve_meta_enable_content_width":"","neve_meta_content_width":0,"neve_meta_title_alignment":"","neve_meta_author_avatar":"","neve_post_elements_order":"","neve_meta_disable_header":"","neve_meta_disable_footer":"","neve_meta_disable_title":"on","ngg_post_thumbnail":0,"footnotes":""},"class_list":["post-1469","page","type-page","status-publish","hentry"],"_links":{"self":[{"href":"https:\/\/chac-project.eu\/de\/wp-json\/wp\/v2\/pages\/1469","targetHints":{"allow":["GET"]}}],"collection":[{"href":"https:\/\/chac-project.eu\/de\/wp-json\/wp\/v2\/pages"}],"about":[{"href":"https:\/\/chac-project.eu\/de\/wp-json\/wp\/v2\/types\/page"}],"author":[{"embeddable":true,"href":"https:\/\/chac-project.eu\/de\/wp-json\/wp\/v2\/users\/1"}],"replies":[{"embeddable":true,"href":"https:\/\/chac-project.eu\/de\/wp-json\/wp\/v2\/comments?post=1469"}],"version-history":[{"count":11,"href":"https:\/\/chac-project.eu\/de\/wp-json\/wp\/v2\/pages\/1469\/revisions"}],"predecessor-version":[{"id":1569,"href":"https:\/\/chac-project.eu\/de\/wp-json\/wp\/v2\/pages\/1469\/revisions\/1569"}],"wp:attachment":[{"href":"https:\/\/chac-project.eu\/de\/wp-json\/wp\/v2\/media?parent=1469"}],"curies":[{"name":"wp","href":"https:\/\/api.w.org\/{rel}","templated":true}]}}